{"id":5760,"date":"2023-06-19T10:37:01","date_gmt":"2023-06-19T08:37:01","guid":{"rendered":"https:\/\/www.hotel-testa-grigia.ch\/hotel-angebot\/"},"modified":"2024-12-04T16:14:43","modified_gmt":"2024-12-04T15:14:43","slug":"hotel-offer","status":"publish","type":"page","link":"https:\/\/www.hotel-testa-grigia.ch\/en\/hotel-offer\/","title":{"rendered":"Offer"},"content":{"rendered":"<h1>We look forward to seeing you!<\/h1>\n<ul>\n<li>\n<p>        <img decoding=\"async\" src=\"\/wp-content\/uploads\/2023\/08\/matterhon_zermatt_hotel.jpg\" alt=\"\"><\/p>\n<h3>Aussicht aus dem Zimmer<\/h3>\n<\/li>\n<li>\n<p>        <img decoding=\"async\" src=\"\/wp-content\/uploads\/2024\/04\/angebot_hotelzimmer-03.jpg\" alt=\"\"><\/p>\n<h3>Hotelzimmer mit Blumenarrangement<\/h3>\n<\/li>\n<li>\n<p>        <img decoding=\"async\" src=\"\/wp-content\/uploads\/2023\/08\/hotel_testa_grigia.jpg\" alt=\"\"><\/p>\n<h3>Parf\u00fcmerie und Apotheke<\/h3>\n<\/li>\n<li>\n<p>        <img decoding=\"async\" src=\"\/wp-content\/uploads\/2024\/04\/angebot_hotelzimmer-02.jpg\" alt=\"\"><\/p>\n<h3>Arbeitstisch im Hotelzimmer<\/h3>\n<\/li>\n<li>\n<p>        <img decoding=\"async\" src=\"\/wp-content\/uploads\/2024\/04\/zermatt_bbf-02.jpg\" alt=\"\"><\/p>\n<h3>Lobby und Fr\u00fchst\u00fccksraum<\/h3>\n<\/li>\n<li>\n<p>        <img decoding=\"async\" src=\"\/wp-content\/uploads\/2024\/04\/matterhon_zermatt_hotel-02.jpg\" alt=\"\"><\/p>\n<h3>Aussicht auf das Matterhorn<\/h3>\n<\/li>\n<\/ul>\n<h2>Welcome!<\/h2>\n<div>\n<div class=\"flex flex-grow flex-col gap-3\">\n<div class=\"min-h-[20px] flex flex-col items-start gap-3 overflow-x-auto whitespace-pre-wrap break-words\">\n<div class=\"markdown prose w-full break-words dark:prose-invert light\">\n<p>Welcome to enchanting Zermatt, where our small hotel in the Swiss mountains offers an oasis of cosiness. We are proud of our central location, which allows you to enjoy the beauty and charm of this place to the full.<\/p>\n<p>Each room in our hotel has been lovingly designed to provide you with a relaxed and comfortable atmosphere. Start your day with a rich and healthy breakfast prepared with fresh ingredients.<\/p>\n<p>We are happy to share insider tips about the best hiking trails, ski areas and sights in the region to ensure you get the most out of your time in Zermatt.<\/p>\n<p>You can look forward to warm hospitality that reflects the character of this charming mountain landscape. We invite you to explore the beauty of the Swiss Alps and feel at home in our small, fine hotel.<\/p>\n<\/div>\n<\/div>\n<\/div>\n<\/div>\n<p><img decoding=\"async\" src=\"\/wp-content\/uploads\/2023\/12\/testa-grigia_ausflug-angebot_01.jpg\" alt=\"\"><br \/>\n<img decoding=\"async\" src=\"\/wp-content\/uploads\/2023\/12\/testa-grigia_ausflug-angebot_02.jpg\" alt=\"\"><\/p>\n<h2>Our service<\/h2>\n<hr>\n<h3>The rooms<\/h3>\n<div>\n<p>Our hotel has 33 spacious and tastefully furnished rooms in four different sizes. In the high-quality beds, with comfortable, healthy mattresses and cotton bed linen, you will have a wonderful rest.<\/p>\n<p>All our rooms are equipped with cable TV, safe and coffee and tea making facilities. Designed as personal oases of peace, they invite you to relax and unwind in a cosy atmosphere.<\/p>\n<\/div>\n<hr>\n<h3>Central location<\/h3>\n<div>\n<p>The central location of our hotel offers you direct access to sights, shops, restaurants and cultural attractions.<\/p>\n<p>The proximity to the railway station makes it easy for you to get here and the \u2018Sunnegga\u2019 express cable car allows you to make convenient day trips.<\/p>\n<p>Explore Zermatt and enjoy your stay to the max.<\/p>\n<\/div>\n<hr>\n<h3>The breakfast<\/h3>\n<div>\n<p>Our breakfast buffet offers an inviting atmosphere where you can prepare for the day ahead in peace.<\/p>\n<p>We have a large selection of different types of bread, cereals, cheese, meat, cold meats, fruit and much more.<\/p>\n<p>Breakfast is included in the room rate.<\/p>\n<\/div>\n<ul>\n<li>\n<p>        <img decoding=\"async\" src=\"\/wp-content\/uploads\/2023\/08\/hotel_zermatt-angebot_ausflug.jpg\" alt=\"\"><\/p>\n<p><img decoding=\"async\" src=\"\/wp-content\/uploads\/2023\/08\/edelweiss_zermatt.jpg\" alt><\/p>\n<\/li>\n<li>\n<p>        <img decoding=\"async\" src=\"\/wp-content\/uploads\/2023\/08\/abendstimmung_zermatt.jpg\" alt=\"\"><\/p>\n<p><img decoding=\"async\" src=\"\/wp-content\/uploads\/2023\/08\/matterhorn_zermatt.jpg\" alt><\/p>\n<\/li>\n<\/ul>\n<hr>\n<h3>Alpine world<\/h3>\n<div>\n<p>Zermatt attracts guests from all over the world to the Swiss Alps every year. With 38 four-thousand-metre peaks, Zermatt is an Eldorado for winter sports enthusiasts and active holidaymakers.<\/p>\n<p>The <strong><a href=\"https:\/\/www.zermatt.swiss\/en\/plan-book\/arrival\" target=\"_blank\" rel=\"noopener\">car-free holiday resort<\/a><\/strong> has retained the original character of a Valais mountain village &#8211; a combination of modern holiday resort and traditional Alpine idyll.<\/p>\n<\/div>\n<hr>\n<h3>Matterhorn<\/h3>\n<div>\n<p>The Matterhorn is an icon of the Alps and a favourite photo subject. With its striking pyramid-shaped peak, it rises majestically above Zermatt.<\/p>\n<p>The Matterhorn attracts mountaineers, adventurers and nature lovers from all over the world. The summit region offers challenging routes for experienced mountaineers, while the Gornergrat and other vantage points offer spectacular views for hikers and visitors.<\/p>\n<\/div>\n<hr>\n<h3>Outdoor activities<\/h3>\n<div>\n<p>Zermatt has so much more to offer than just the Matterhorn. There are many exciting activities for you in both summer and winter.<\/p>\n<p>On the <strong><a href=\"https:\/\/www.zermatt.swiss\/en\" target=\"_blank\" rel=\"noopener\">Zermatt Tourism<\/a><\/strong> website you will find all the information you need to organise your stay.<\/p>\n<p>We would like to welcome you and wish you an unforgettable stay.<\/p>\n<\/div>\n<p><!--more--><br \/>\n<!-- {\"type\":\"layout\",\"children\":[{\"name\":\"Hero\",\"type\":\"section\",\"props\":{\"animation\":\"scale-down\",\"animation_delay\":\"100\",\"image\":\"wp-content\\\/uploads\\\/2023\\\/10\\\/bottom_muster-07.svg\",\"image_position\":\"bottom-center\",\"image_size\":\"width-1-1\",\"padding\":\"xlarge\",\"style\":\"muted\",\"title_breakpoint\":\"xl\",\"title_position\":\"top-left\",\"title_rotation\":\"left\",\"vertical_align\":\"\",\"width\":\"\"},\"children\":[{\"type\":\"row\",\"props\":{\"layout\":\"2-3,1-3\",\"margin\":\"xlarge\",\"width\":\"large\"},\"children\":[{\"type\":\"column\",\"props\":{\"image_position\":\"center-center\",\"position_sticky_breakpoint\":\"m\",\"width_medium\":\"2-3\"},\"children\":[{\"type\":\"headline\",\"props\":{\"content\":\"We look forward to seeing you!\",\"maxwidth\":\"2xlarge\",\"parallax_breakpoint\":\"m\",\"parallax_easing\":\"1\",\"parallax_y\":\"0,-75\",\"title_element\":\"h1\",\"title_style\":\"heading-xlarge\"}}]},{\"type\":\"column\",\"props\":{\"image_position\":\"center-center\",\"position_sticky_breakpoint\":\"m\",\"width_medium\":\"1-3\"}}]},{\"type\":\"row\",\"props\":{\"width\":\"large\",\"width_expand\":\"right\"},\"children\":[{\"type\":\"column\",\"props\":{\"image_position\":\"center-center\",\"position_sticky_breakpoint\":\"m\",\"width_medium\":\"1-1\"},\"children\":[{\"type\":\"overlay-slider\",\"props\":{\"container_padding_remove\":true,\"css\":\".el-element {\\n    padding-bottom:20%;\\n}\",\"image_loading\":true,\"image_width\":\"1170\",\"link_style\":\"default\",\"link_text\":\"\",\"margin\":\"\",\"meta_align\":\"below-title\",\"meta_element\":\"div\",\"meta_style\":\"\",\"nav\":\"dotnav\",\"nav_align\":\"left\",\"nav_breakpoint\":\"\",\"overlay_link\":true,\"overlay_mode\":\"cover\",\"overlay_position\":\"center\",\"overlay_transition\":\"fade\",\"show_content\":false,\"show_hover_image\":true,\"show_hover_video\":true,\"show_link\":false,\"show_meta\":false,\"show_title\":false,\"slidenav\":\"bottom-left\",\"slidenav_breakpoint\":\"s\",\"slidenav_large\":true,\"slidenav_margin\":\"\",\"slidenav_outside_breakpoint\":\"xl\",\"slider_autoplay\":true,\"slider_autoplay_pause\":true,\"slider_finite\":true,\"slider_gap\":\"small\",\"slider_width\":\"fixed\",\"slider_width_default\":\"1-1\",\"slider_width_medium\":\"3-5\",\"text_align\":\"\",\"title_element\":\"h3\",\"title_hover_style\":\"reset\"},\"children\":[{\"type\":\"overlay-slider_item\",\"props\":{\"image\":\"wp-content\\\/uploads\\\/2023\\\/08\\\/matterhon_zermatt_hotel.jpg\",\"title\":\"Aussicht aus dem Zimmer\"}},{\"type\":\"overlay-slider_item\",\"props\":{\"image\":\"wp-content\\\/uploads\\\/2024\\\/04\\\/angebot_hotelzimmer-03.jpg\",\"title\":\"Hotelzimmer mit Blumenarrangement\"}},{\"type\":\"overlay-slider_item\",\"props\":{\"image\":\"wp-content\\\/uploads\\\/2023\\\/08\\\/hotel_testa_grigia.jpg\",\"title\":\"Parf\\u00fcmerie und Apotheke\"}},{\"type\":\"overlay-slider_item\",\"props\":{\"image\":\"wp-content\\\/uploads\\\/2024\\\/04\\\/angebot_hotelzimmer-02.jpg\",\"title\":\"Arbeitstisch im Hotelzimmer\"}},{\"type\":\"overlay-slider_item\",\"props\":{\"image\":\"wp-content\\\/uploads\\\/2024\\\/04\\\/zermatt_bbf-02.jpg\",\"title\":\"Lobby und Fr\\u00fchst\\u00fccksraum\"}},{\"type\":\"overlay-slider_item\",\"props\":{\"image\":\"wp-content\\\/uploads\\\/2024\\\/04\\\/matterhon_zermatt_hotel-02.jpg\",\"title\":\"Aussicht auf das Matterhorn\"}}]}]}]}]},{\"name\":\"About\",\"type\":\"section\",\"props\":{\"animation\":\"slide-left-medium\",\"animation_delay\":\"100\",\"image_position\":\"center-center\",\"padding\":\"large\",\"padding_remove_bottom\":true,\"padding_remove_top\":false,\"style\":\"secondary\",\"title_breakpoint\":\"xl\",\"title_position\":\"top-left\",\"title_rotation\":\"left\",\"vertical_align\":\"\",\"width\":\"large\"},\"children\":[{\"type\":\"row\",\"children\":[{\"type\":\"column\",\"props\":{\"image_position\":\"center-center\",\"position_sticky_breakpoint\":\"m\",\"width_medium\":\"1-1\"},\"children\":[{\"type\":\"headline\",\"props\":{\"content\":\"Welcome!\",\"maxwidth\":\"2xlarge\",\"parallax_breakpoint\":\"m\",\"parallax_easing\":\"1\",\"parallax_end\":\"70vh + 70%\",\"parallax_opacity\":\"0.3,1\",\"parallax_y\":\"30,0\",\"text_align\":\"left\",\"title_element\":\"h2\",\"title_style\":\"heading-xlarge\"}}]}]},{\"type\":\"row\",\"props\":{\"column_gap\":\"large\",\"margin\":\"large\",\"row_gap\":\"large\"},\"children\":[{\"type\":\"column\",\"props\":{\"image_position\":\"center-center\",\"position_sticky_breakpoint\":\"m\",\"width_medium\":\"1-1\"},\"children\":[{\"type\":\"text\",\"props\":{\"column\":\"1-2\",\"column_breakpoint\":\"m\",\"column_divider\":false,\"content\":\"\n\n<div class=\\\"flex flex-grow flex-col gap-3\\\">\\n\n\n<div class=\\\"min-h-[20px] flex flex-col items-start gap-3 overflow-x-auto whitespace-pre-wrap break-words\\\">\\n\n\n<div class=\\\"markdown prose w-full break-words dark:prose-invert light\\\">\\n\n\n<p>Welcome to enchanting Zermatt, where our small hotel in the Swiss mountains offers an oasis of cosiness. We are proud of our central location, which allows you to enjoy the beauty and charm of this place to the full.<\\\/p>\\n\n\n<p>Each room in our hotel has been lovingly designed to provide you with a relaxed and comfortable atmosphere. Start your day with a rich and healthy breakfast prepared with fresh ingredients.<\\\/p>\\n\n\n<p>We are happy to share insider tips about the best hiking trails, ski areas and sights in the region to ensure you get the most out of your time in Zermatt.<\\\/p>\\n\n\n<p>You can look forward to warm hospitality that reflects the character of this charming mountain landscape. We invite you to explore the beauty of the Swiss Alps and feel at home in our small, fine hotel.<\\\/p>\\n<\\\/div>\\n<\\\/div>\\n<\\\/div>\",\"margin\":\"\",\"text_align\":\"left\"}}]}]},{\"type\":\"row\",\"children\":[{\"type\":\"column\",\"props\":{\"image_position\":\"center-center\",\"position_sticky_breakpoint\":\"m\",\"width_medium\":\"2-5\"},\"children\":[{\"type\":\"image\",\"props\":{\"image\":\"wp-content\\\/uploads\\\/2023\\\/12\\\/testa-grigia_ausflug-angebot_01.jpg\",\"image_height\":\"1449\",\"image_svg_color\":\"emphasis\",\"image_width\":\"830\",\"margin\":\"default\"}}]},{\"type\":\"column\",\"props\":{\"image_position\":\"center-center\",\"position_sticky_breakpoint\":\"m\",\"width_medium\":\"3-5\"},\"children\":[{\"type\":\"image\",\"props\":{\"image\":\"wp-content\\\/uploads\\\/2023\\\/12\\\/testa-grigia_ausflug-angebot_02.jpg\",\"image_height\":\"1250\",\"image_svg_color\":\"emphasis\",\"image_width\":\"1084\",\"margin\":\"default\"}}]}],\"props\":{\"column_gap\":\"small\",\"layout\":\"2-5,3-5\"}}]},{\"name\":\"Services\",\"type\":\"section\",\"props\":{\"animation\":\"slide-left-medium\",\"animation_delay\":\"100\",\"image_position\":\"center-center\",\"padding\":\"xlarge\",\"padding_remove_bottom\":false,\"style\":\"secondary\",\"title_breakpoint\":\"xl\",\"title_position\":\"top-left\",\"title_rotation\":\"left\",\"vertical_align\":\"\",\"width\":\"large\"},\"children\":[{\"type\":\"row\",\"children\":[{\"type\":\"column\",\"props\":{\"image_position\":\"center-center\",\"position_sticky_breakpoint\":\"m\",\"width_medium\":\"1-1\"},\"children\":[{\"type\":\"headline\",\"props\":{\"content\":\"Our service\",\"margin\":\"large\",\"maxwidth_breakpoint\":\"m\",\"parallax_breakpoint\":\"m\",\"parallax_easing\":\"1\",\"parallax_end\":\"70vh + 70%\",\"parallax_opacity\":\"0.3,1\",\"parallax_y\":\"30,0\",\"text_align\":\"left\",\"title_element\":\"h2\",\"title_style\":\"heading-xlarge\"}}]}]},{\"type\":\"row\",\"props\":{\"layout\":\"1-3,1-3,1-3\",\"margin\":\"large\"},\"children\":[{\"type\":\"column\",\"props\":{\"image_position\":\"center-center\",\"position_sticky_breakpoint\":\"m\",\"width_medium\":\"1-3\"},\"children\":[{\"type\":\"divider\",\"props\":{\"divider_element\":\"hr\",\"divider_style\":\"small\",\"margin\":\"default\",\"margin_remove_bottom\":false}},{\"type\":\"headline\",\"props\":{\"content\":\"The rooms\",\"margin_remove_top\":true,\"title_element\":\"h3\"}},{\"type\":\"text\",\"props\":{\"column_breakpoint\":\"m\",\"content\":\"\n\n<p>Our hotel has 33 spacious and tastefully furnished rooms in four different sizes. In the high-quality beds, with comfortable, healthy mattresses and cotton bed linen, you will have a wonderful rest.<\\\/p>\\n\n\n<p>All our rooms are equipped with cable TV, safe and coffee and tea making facilities. Designed as personal oases of peace, they invite you to relax and unwind in a cosy atmosphere.<\\\/p>\",\"margin\":\"default\"}}]},{\"type\":\"column\",\"props\":{\"image_position\":\"center-center\",\"position_sticky_breakpoint\":\"m\",\"width_medium\":\"1-3\"},\"children\":[{\"type\":\"divider\",\"props\":{\"divider_element\":\"hr\",\"divider_style\":\"small\",\"margin\":\"default\",\"margin_remove_bottom\":false}},{\"type\":\"headline\",\"props\":{\"content\":\"Central location\",\"margin_remove_top\":true,\"title_element\":\"h3\"}},{\"type\":\"text\",\"props\":{\"column_breakpoint\":\"m\",\"content\":\"\n\n<p>The central location of our hotel offers you direct access to sights, shops, restaurants and cultural attractions.<\\\/p>\\n\n\n<p>The proximity to the railway station makes it easy for you to get here and the \\u2018Sunnegga\\u2019 express cable car allows you to make convenient day trips.<\\\/p>\\n\n\n<p>Explore Zermatt and enjoy your stay to the max.<\\\/p>\",\"margin\":\"default\"}}]},{\"type\":\"column\",\"props\":{\"image_position\":\"center-center\",\"position_sticky_breakpoint\":\"m\",\"width_medium\":\"1-3\"},\"children\":[{\"type\":\"divider\",\"props\":{\"divider_element\":\"hr\",\"divider_style\":\"small\",\"margin\":\"default\",\"margin_remove_bottom\":false}},{\"type\":\"headline\",\"props\":{\"content\":\"The breakfast\",\"margin_remove_top\":true,\"title_element\":\"h3\"}},{\"type\":\"text\",\"props\":{\"column_breakpoint\":\"m\",\"content\":\"\n\n<p>Our breakfast buffet offers an inviting atmosphere where you can prepare for the day ahead in peace.<\\\/p>\\n\n\n<p>We have a large selection of different types of bread, cereals, cheese, meat, cold meats, fruit and much more.<\\\/p>\\n\n\n<p>Breakfast is included in the room rate.<\\\/p>\",\"margin\":\"default\"}}]}]},{\"type\":\"row\",\"children\":[{\"type\":\"column\",\"props\":{\"image_position\":\"center-center\",\"position_sticky_breakpoint\":\"m\"},\"children\":[{\"name\":\"Gallery Hover Image\",\"type\":\"gallery\",\"children\":[{\"type\":\"gallery_item\",\"props\":{\"hover_image\":\"wp-content\\\/uploads\\\/2023\\\/08\\\/edelweiss_zermatt.jpg\",\"image\":\"wp-content\\\/uploads\\\/2023\\\/08\\\/hotel_zermatt-angebot_ausflug.jpg\",\"meta\":\"\",\"title\":\"\"}},{\"type\":\"gallery_item\",\"props\":{\"hover_image\":\"wp-content\\\/uploads\\\/2023\\\/08\\\/matterhorn_zermatt.jpg\",\"image\":\"wp-content\\\/uploads\\\/2023\\\/08\\\/abendstimmung_zermatt.jpg\",\"meta\":\"\",\"title\":\"\"}}],\"props\":{\"filter_align\":\"left\",\"filter_all\":true,\"filter_grid_breakpoint\":\"m\",\"filter_grid_width\":\"auto\",\"filter_position\":\"top\",\"filter_style\":\"tab\",\"grid_column_gap\":\"small\",\"grid_default\":\"1\",\"grid_medium\":\"2\",\"grid_row_gap\":\"medium\",\"id\":\"alpen\",\"image_min_height\":\"490\",\"image_width\":\"900\",\"item_animation\":true,\"lightbox\":false,\"link_margin\":\"medium\",\"link_style\":\"primary\",\"link_text\":\"Read more\",\"margin\":\"default\",\"meta_align\":\"above-title\",\"meta_element\":\"div\",\"meta_style\":\"h5\",\"overlay_hover\":false,\"overlay_link\":true,\"overlay_maxwidth\":\"large\",\"overlay_mode\":\"cover\",\"overlay_position\":\"bottom-left\",\"overlay_style\":\"\",\"overlay_transition\":\"fade\",\"parallax_easing\":\"1\",\"show_content\":true,\"show_hover_image\":true,\"show_hover_video\":true,\"show_link\":true,\"show_meta\":true,\"show_title\":true,\"text_align\":\"left\",\"text_color\":\"light\",\"title_element\":\"h3\",\"title_hover_style\":\"reset\",\"title_style\":\"h2\"}}]}]},{\"type\":\"row\",\"props\":{\"layout\":\"1-3,1-3,1-3\",\"margin\":\"large\"},\"children\":[{\"type\":\"column\",\"props\":{\"image_position\":\"center-center\",\"position_sticky_breakpoint\":\"m\",\"width_medium\":\"1-3\"},\"children\":[{\"type\":\"divider\",\"props\":{\"divider_element\":\"hr\",\"divider_style\":\"small\",\"margin\":\"default\",\"margin_remove_bottom\":false}},{\"type\":\"headline\",\"props\":{\"content\":\"Alpine world\",\"margin_remove_top\":true,\"title_element\":\"h3\"}},{\"type\":\"text\",\"props\":{\"column_breakpoint\":\"m\",\"content\":\"\n\n<p>Zermatt attracts guests from all over the world to the Swiss Alps every year. With 38 four-thousand-metre peaks, Zermatt is an Eldorado for winter sports enthusiasts and active holidaymakers.<\\\/p>\\n\n\n<p>The <strong><a href=\\\"https:\\\/\\\/www.zermatt.swiss\\\/en\\\/plan-book\\\/arrival\\\" target=\\\"_blank\\\" rel=\\\"noopener\\\">car-free holiday resort<\\\/a><\\\/strong> has retained the original character of a Valais mountain village - a combination of modern holiday resort and traditional Alpine idyll.<\\\/p>\",\"margin\":\"default\"}}]},{\"type\":\"column\",\"props\":{\"image_position\":\"center-center\",\"position_sticky_breakpoint\":\"m\",\"width_medium\":\"1-3\"},\"children\":[{\"type\":\"divider\",\"props\":{\"divider_element\":\"hr\",\"divider_style\":\"small\",\"margin\":\"default\",\"margin_remove_bottom\":false}},{\"type\":\"headline\",\"props\":{\"content\":\"Matterhorn\",\"margin_remove_top\":true,\"title_element\":\"h3\"}},{\"type\":\"text\",\"props\":{\"column_breakpoint\":\"m\",\"content\":\"\n\n<p>The Matterhorn is an icon of the Alps and a favourite photo subject. With its striking pyramid-shaped peak, it rises majestically above Zermatt.<\\\/p>\\n\n\n<p>The Matterhorn attracts mountaineers, adventurers and nature lovers from all over the world. The summit region offers challenging routes for experienced mountaineers, while the Gornergrat and other vantage points offer spectacular views for hikers and visitors.<\\\/p>\",\"margin\":\"default\"}}]},{\"type\":\"column\",\"props\":{\"image_position\":\"center-center\",\"position_sticky_breakpoint\":\"m\",\"width_medium\":\"1-3\"},\"children\":[{\"type\":\"divider\",\"props\":{\"divider_element\":\"hr\",\"divider_style\":\"small\",\"margin\":\"default\",\"margin_remove_bottom\":false}},{\"type\":\"headline\",\"props\":{\"content\":\"Outdoor activities\",\"margin_remove_top\":true,\"title_element\":\"h3\"}},{\"type\":\"text\",\"props\":{\"column_breakpoint\":\"m\",\"content\":\"\n\n<p>Zermatt has so much more to offer than just the Matterhorn. There are many exciting activities for you in both summer and winter.<\\\/p>\\n\n\n<p>On the <strong><a href=\\\"https:\\\/\\\/www.zermatt.swiss\\\/en\\\" target=\\\"_blank\\\" rel=\\\"noopener\\\">Zermatt Tourism<\\\/a><\\\/strong> website you will find all the information you need to organise your stay.<\\\/p>\\n\n\n<p>We would like to welcome you and wish you an unforgettable stay.<\\\/p>\",\"margin\":\"default\"}}]}]}]}],\"version\":\"4.4.10\"} --><\/p>\n","protected":false},"excerpt":{"rendered":"<p>We look forward to seeing you! Aussicht aus dem Zimmer Hotelzimmer mit Blumenarrangement Parf\u00fcmerie und Apotheke Arbeitstisch im Hotelzimmer Lobby und Fr\u00fchst\u00fccksraum Aussicht auf das Matterhorn Welcome! Welcome to enchanting Zermatt, where our small hotel in the Swiss mountains offers an oasis of cosiness. We are proud of our central location, which allows you to [&hellip;]<\/p>\n","protected":false},"author":1,"featured_media":0,"parent":0,"menu_order":2,"comment_status":"closed","ping_status":"closed","template":"","meta":{"_acf_changed":false,"footnotes":""},"class_list":["post-5760","page","type-page","status-publish","hentry"],"acf":[],"_links":{"self":[{"href":"https:\/\/www.hotel-testa-grigia.ch\/en\/wp-json\/wp\/v2\/pages\/5760","targetHints":{"allow":["GET"]}}],"collection":[{"href":"https:\/\/www.hotel-testa-grigia.ch\/en\/wp-json\/wp\/v2\/pages"}],"about":[{"href":"https:\/\/www.hotel-testa-grigia.ch\/en\/wp-json\/wp\/v2\/types\/page"}],"author":[{"embeddable":true,"href":"https:\/\/www.hotel-testa-grigia.ch\/en\/wp-json\/wp\/v2\/users\/1"}],"replies":[{"embeddable":true,"href":"https:\/\/www.hotel-testa-grigia.ch\/en\/wp-json\/wp\/v2\/comments?post=5760"}],"version-history":[{"count":11,"href":"https:\/\/www.hotel-testa-grigia.ch\/en\/wp-json\/wp\/v2\/pages\/5760\/revisions"}],"predecessor-version":[{"id":6015,"href":"https:\/\/www.hotel-testa-grigia.ch\/en\/wp-json\/wp\/v2\/pages\/5760\/revisions\/6015"}],"wp:attachment":[{"href":"https:\/\/www.hotel-testa-grigia.ch\/en\/wp-json\/wp\/v2\/media?parent=5760"}],"curies":[{"name":"wp","href":"https:\/\/api.w.org\/{rel}","templated":true}]}}