{"id":5731,"date":"2023-06-19T13:18:22","date_gmt":"2023-06-19T11:18:22","guid":{"rendered":"https:\/\/www.hotel-testa-grigia.ch\/kontakt\/"},"modified":"2024-11-27T13:11:52","modified_gmt":"2024-11-27T12:11:52","slug":"contact","status":"publish","type":"page","link":"https:\/\/www.hotel-testa-grigia.ch\/fr\/contact\/","title":{"rendered":"Contact"},"content":{"rendered":"<h1>R\u00e9servez votre s\u00e9jour au c\u0153ur de Zermatt<\/h1>\n<p><img decoding=\"async\" src=\"\/wp-content\/uploads\/2024\/04\/hotel_map_zermatt_v_02.png\" alt=\"\"><\/p>\n<ul>\n<li>\n<div>Hotel Testa Grigia<\/div>\n<\/li>\n<li>\n<div>Bahn&shy;hofstras&shy;se 21<\/div>\n<\/li>\n<li>\n<div>3920 Zermatt<\/div>\n<\/li>\n<li>\n<div>Suisse<\/div>\n<\/li>\n<\/ul>\n<ul>\n<li>\n<h3>T\u00e9l\u00e9phone<\/h3>\n<p><a href=\"tel:+41279667900\"><a href=\"mailto:+41279667900\">+41 27 966 79 00<\/a><\/a><\/p>\n<\/li>\n<li>\n<h3>Courrier \u00e9lec&shy;tronique<\/h3>\n<div>\n<p><a href=\"mailto:info@testa-grigia.com\">info@testa-grigia.com<\/a><\/p>\n<\/div>\n<\/li>\n<li>\n<h3>Google Maps<\/h3>\n<div>\n<p><a href=\"https:\/\/maps.app.goo.gl\/VKJWb5feAxSP2XYS8\" target=\"_blank\" rel=\"noopener\">afficher<\/a><\/p>\n<\/div>\n<\/li>\n<\/ul>\n<p><!--more--><br \/>\n<!-- {\"type\":\"layout\",\"children\":[{\"name\":\"Hero\",\"type\":\"section\",\"props\":{\"css\":\".el-section {\\n\\tborder-bottom:#F8F8F8 10px solid;\\n}\",\"image\":\"wp-content\\\/uploads\\\/2022\\\/09\\\/muster_02.svg\",\"image_position\":\"bottom-center\",\"padding\":\"large\",\"style\":\"secondary\",\"title_breakpoint\":\"xl\",\"title_position\":\"top-left\",\"title_rotation\":\"left\",\"vertical_align\":\"\",\"width\":\"large\"},\"children\":[{\"type\":\"row\",\"children\":[{\"type\":\"column\",\"props\":{\"image_position\":\"center-center\",\"position_sticky_breakpoint\":\"m\",\"width_medium\":\"1-1\"},\"children\":[{\"type\":\"headline\",\"props\":{\"animation\":\"parallax\",\"content\":\"R\\u00e9servez votre s\\u00e9jour au c\\u0153ur de Zermatt\",\"margin\":\"large\",\"maxwidth\":\"2xlarge\",\"parallax_breakpoint\":\"m\",\"parallax_easing\":\"1\",\"parallax_y\":\"0,-50\",\"title_element\":\"h1\",\"title_style\":\"heading-large\"}}]}],\"props\":{\"margin\":\"xlarge\"}},{\"type\":\"row\",\"props\":{\"column_gap\":\"collapse\",\"css\":\".el-row {\\n\\tpadding-bottom:150px;\\n}\",\"layout\":\"2-3,1-3\",\"margin\":\"large\",\"row_gap\":\"collapse\"},\"children\":[{\"type\":\"column\",\"props\":{\"image_position\":\"center-center\",\"position_sticky_breakpoint\":\"m\",\"width_medium\":\"2-3\"},\"children\":[{\"type\":\"image\",\"props\":{\"image\":\"wp-content\\\/uploads\\\/2024\\\/04\\\/hotel_map_zermatt_v_02.png\",\"image_svg_color\":\"emphasis\",\"margin\":\"default\"}}]},{\"type\":\"column\",\"props\":{\"image_position\":\"center-center\",\"position_sticky_breakpoint\":\"m\",\"preserve_color\":false,\"style\":\"tile-secondary\",\"vertical_align\":\"middle\",\"width_medium\":\"1-3\"},\"children\":[{\"type\":\"list\",\"props\":{\"animation\":\"parallax\",\"column_breakpoint\":\"m\",\"content_style\":\"h2\",\"image_align\":\"left\",\"image_svg_color\":\"emphasis\",\"image_vertical_align\":true,\"list_element\":\"ul\",\"list_horizontal_separator\":\", \",\"list_type\":\"vertical\",\"margin\":\"large\",\"parallax_breakpoint\":\"m\",\"parallax_easing\":\"1\",\"parallax_end\":\"70vh + 70%\",\"parallax_y\":\"30,0\",\"show_image\":true,\"show_link\":true,\"text_align\":\"left\"},\"children\":[{\"type\":\"list_item\",\"props\":{\"content\":\"Hotel Testa Grigia\"}},{\"type\":\"list_item\",\"props\":{\"content\":\"Bahn&shy;hofstras&shy;se 21\"}},{\"type\":\"list_item\",\"props\":{\"content\":\"3920 Zermatt\"}},{\"type\":\"list_item\",\"props\":{\"content\":\"Suisse\"}}]},{\"type\":\"description_list\",\"props\":{\"animation\":\"none\",\"column_breakpoint\":\"m\",\"content_style\":\"h4\",\"layout\":\"grid-2\",\"link_style\":\"muted\",\"list_element\":\"ul\",\"meta_align\":\"below-content\",\"meta_style\":\"h4\",\"show_content\":true,\"show_link\":true,\"show_meta\":true,\"show_title\":true,\"title_colon\":false,\"title_color\":\"muted\",\"title_element\":\"div\",\"title_grid_column_gap\":\"\",\"title_grid_row_gap\":\"\",\"title_grid_width\":\"small\",\"title_leader\":true,\"title_style\":\"h4\"},\"children\":[{\"type\":\"description_list_item\",\"props\":{\"content\":\"<a href=\\\"mailto:+41279667900\\\">+41 27 966 79 00<\\\/a>\",\"link\":\"tel:+41279667900\",\"meta\":\"\",\"title\":\"T\\u00e9l\\u00e9phone\"}},{\"type\":\"description_list_item\",\"props\":{\"content\":\"\n\n<p><a href=\\\"mailto:info@testa-grigia.com\\\">info@testa-grigia.com<\\\/a><\\\/p>\",\"meta\":\"\",\"title\":\"Courrier \\u00e9lec&shy;tronique\"}},{\"type\":\"description_list_item\",\"props\":{\"content\":\"\n\n<p><a href=\\\"https:\\\/\\\/maps.app.goo.gl\\\/VKJWb5feAxSP2XYS8\\\" target=\\\"_blank\\\" rel=\\\"noopener\\\">afficher<\\\/a><\\\/p>\",\"link_target\":true,\"meta\":\"\",\"title\":\"Google Maps\"}}]}]}]}]}],\"version\":\"4.4.10\"} --><\/p>\n","protected":false},"excerpt":{"rendered":"<p>R\u00e9servez votre s\u00e9jour au c\u0153ur de Zermatt Hotel Testa Grigia Bahn&shy;hofstras&shy;se 21 3920 Zermatt Suisse T\u00e9l\u00e9phone +41 27 966 79 00 Courrier \u00e9lec&shy;tronique info@testa-grigia.com Google Maps afficher<\/p>\n","protected":false},"author":1,"featured_media":0,"parent":0,"menu_order":5,"comment_status":"closed","ping_status":"closed","template":"","meta":{"_acf_changed":false,"footnotes":""},"class_list":["post-5731","page","type-page","status-publish","hentry"],"acf":[],"_links":{"self":[{"href":"https:\/\/www.hotel-testa-grigia.ch\/fr\/wp-json\/wp\/v2\/pages\/5731","targetHints":{"allow":["GET"]}}],"collection":[{"href":"https:\/\/www.hotel-testa-grigia.ch\/fr\/wp-json\/wp\/v2\/pages"}],"about":[{"href":"https:\/\/www.hotel-testa-grigia.ch\/fr\/wp-json\/wp\/v2\/types\/page"}],"author":[{"embeddable":true,"href":"https:\/\/www.hotel-testa-grigia.ch\/fr\/wp-json\/wp\/v2\/users\/1"}],"replies":[{"embeddable":true,"href":"https:\/\/www.hotel-testa-grigia.ch\/fr\/wp-json\/wp\/v2\/comments?post=5731"}],"version-history":[{"count":2,"href":"https:\/\/www.hotel-testa-grigia.ch\/fr\/wp-json\/wp\/v2\/pages\/5731\/revisions"}],"predecessor-version":[{"id":5756,"href":"https:\/\/www.hotel-testa-grigia.ch\/fr\/wp-json\/wp\/v2\/pages\/5731\/revisions\/5756"}],"wp:attachment":[{"href":"https:\/\/www.hotel-testa-grigia.ch\/fr\/wp-json\/wp\/v2\/media?parent=5731"}],"curies":[{"name":"wp","href":"https:\/\/api.w.org\/{rel}","templated":true}]}}