{"id":5840,"date":"2022-10-03T11:18:00","date_gmt":"2022-10-03T09:18:00","guid":{"rendered":"https:\/\/www.hotel-testa-grigia.ch\/zimmer\/"},"modified":"2024-12-04T14:14:09","modified_gmt":"2024-12-04T13:14:09","slug":"chambres","status":"publish","type":"page","link":"https:\/\/www.hotel-testa-grigia.ch\/fr\/chambres\/","title":{"rendered":"Chambres"},"content":{"rendered":"<h1>Nos chambres<\/h1>\n<p><img decoding=\"async\" src=\"\/wp-content\/uploads\/2023\/08\/hotelzimmer_zermatt_zentral.jpg\" alt=\"\"><\/p>\n<h1>Votre choix<\/h1>\n<div>\n<p>Notre h\u00f4tel dispose de 33 chambres spacieuses et am\u00e9nag\u00e9es avec go\u00fbt, de quatre tailles diff\u00e9rentes. Con\u00e7ues comme des oasis de calme personnelles, elles invitent au repos ou \u00e0 la d\u00e9tente confortable.<\/p>\n<\/div>\n<ul>\n<li>\n<p><img decoding=\"async\" src=\"\/wp-content\/uploads\/2023\/08\/einzelzimmer_zentral-zermatt.jpg\" alt=\"\"><\/p>\n<h2>Chambre individuelle confortable<\/h2>\n<p>\u00e0 partir de 150 CHF par nuit<\/p>\n<div>\n<p>Les chambres calmes de 15m\u00b2, \u00e0 la d\u00e9coration lumineuse, disposent d&rsquo;une t\u00e9l\u00e9vision \u00e0 \u00e9cran plat et d&rsquo;un n\u00e9cessaire \u00e0 caf\u00e9 et \u00e0 th\u00e9 avec un grand choix de th\u00e9s.<\/p>\n<\/div>\n<p><a href=\"\/testa\/fr\/chambres\/chambre-individuelle\/\"><\/a><\/p>\n<\/li>\n<li>\n<p><img decoding=\"async\" src=\"\/wp-content\/uploads\/2023\/08\/doppelzimmer-standard_zermatt.jpg\" alt=\"\"><\/p>\n<h2>Chambre double standard<\/h2>\n<p>\u00e0 partir de 185 CHF par nuit<\/p>\n<div>\n<p>Les chambres standard sont les plus populaires et offrent le prix le plus attractif. Ces chambres de 21m\u00b2 disposent des m\u00eames \u00e9quipements que les autres cat\u00e9gories.<\/p>\n<\/div>\n<p><a href=\"\/testa\/fr\/chambres\/chambre-double-standard\/\"><\/a><\/p>\n<\/li>\n<li>\n<p><img decoding=\"async\" src=\"\/wp-content\/uploads\/2023\/08\/superior_doppelzimmer-zermatt.jpg\" alt=\"\"><\/p>\n<h2>Chambre double sup\u00e9rieure<\/h2>\n<p>\u00e0 partir de 195 CHF par nuit<\/p>\n<div>\n<p>Les chambres de 27m\u00b2 disposent d&rsquo;un coin salon et d&rsquo;un bureau ainsi que de nombreuses commodit\u00e9s : WiFi gratuit, t\u00e9l\u00e9vision \u00e0 \u00e9cran plat et service \u00e0 caf\u00e9 et \u00e0 th\u00e9 avec un grand choix de th\u00e9s.<\/p>\n<\/div>\n<p><a href=\"\/testa\/fr\/chambres\/chambre-double-superieure\/\"><\/a><\/p>\n<\/li>\n<li>\n<p><img decoding=\"async\" src=\"\/wp-content\/uploads\/2023\/08\/doppelzimmer-deluxe_zermatt.jpg\" alt=\"\"><\/p>\n<h2>Chambre double deluxe<\/h2>\n<p>\u00e0 partir de 205 CHF par nuit<\/p>\n<div>\n<p>Les chambres de 45m\u00b2 disposent d&rsquo;un coin salon suppl\u00e9mentaire avec un fauteuil et une table ainsi que d&rsquo;un dressing s\u00e9par\u00e9 avec une grande armoire.<\/p>\n<p>Des \u00e9quipements tels qu&rsquo;un balcon priv\u00e9, une connexion WLAN gratuite, une t\u00e9l\u00e9vision \u00e0 \u00e9cran plat et une station d&rsquo;accueil pour iPod cr\u00e9ent une oasis de retraite confortable.<\/p>\n<\/div>\n<p><a href=\"\/testa\/fr\/chambres\/chambre-double-deluxe\/\"><\/a><\/p>\n<\/li>\n<\/ul>\n<h2>Testa Grigia se r\u00e9jouit de votre demande.<\/h2>\n<div>\n<p>Des vacances inoubliables doivent \u00eatre bien organis\u00e9es. Notre \u00e9quipe \u00e0 la r\u00e9ception se fera un plaisir de vous aider.<\/p>\n<\/div>\n<ul>\n<li>\n        <a href=\"\/testa\/fr\/contact\/\">Contactez-nous<\/a>\n    <\/li>\n<li>\n        <a href=\"\/testa\/fr\/reserver-une-chambre\/#faq\">ou consultez la FAQ <\/a>\n    <\/li>\n<\/ul>\n<p><!--more--><br \/>\n<!-- {\"type\":\"layout\",\"children\":[{\"type\":\"section\",\"props\":{\"animation\":\"slide-right-medium\",\"animation_delay\":\"100\",\"image_position\":\"center-center\",\"padding_remove_top\":true,\"style\":\"secondary\",\"title_breakpoint\":\"xl\",\"title_position\":\"center-left\",\"title_rotation\":\"left\",\"vertical_align\":\"\",\"width\":\"large\",\"width_expand\":\"right\"},\"children\":[{\"type\":\"row\",\"props\":{\"column_gap\":\"large\",\"layout\":\"1-3,2-3\"},\"children\":[{\"type\":\"column\",\"props\":{\"css\":\".el-column {\\n\\tpadding-top:30px;\\n}\",\"image_position\":\"center-center\",\"padding\":\"none\",\"position_sticky_breakpoint\":\"m\",\"vertical_align\":\"middle\",\"width_large\":\"1-3\",\"width_medium\":\"1-2\"},\"children\":[{\"type\":\"headline\",\"props\":{\"content\":\"Nos chambres\",\"title_element\":\"h1\",\"title_style\":\"heading-large\"}}]},{\"type\":\"column\",\"props\":{\"image_position\":\"center-center\",\"position_sticky_breakpoint\":\"m\",\"width_large\":\"2-3\",\"width_medium\":\"1-2\"},\"children\":[{\"type\":\"image\",\"props\":{\"container_padding_remove\":true,\"css\":\"@media (max-width: 959px) {\\n    \\n    .el-element.uk-container-item-padding-remove-right {\\n        width: 100%;\\n        margin-right: 0;\\n    }\\n    \\n}\",\"image\":\"wp-content\\\/uploads\\\/2023\\\/08\\\/hotelzimmer_zermatt_zentral.jpg\",\"image_loading\":true,\"image_svg_color\":\"emphasis\",\"margin\":\"default\"}}]}]}],\"name\":\"Hero\"},{\"type\":\"section\",\"props\":{\"animation\":\"scale-down\",\"animation_delay\":\"100\",\"css\":\" \",\"image_position\":\"center-center\",\"padding\":\"large\",\"padding_remove_bottom\":false,\"padding_remove_top\":false,\"style\":\"secondary\",\"title_breakpoint\":\"xl\",\"title_position\":\"top-left\",\"title_rotation\":\"left\",\"vertical_align\":\"\",\"width\":\"large\"},\"children\":[{\"type\":\"row\",\"children\":[{\"type\":\"column\",\"props\":{\"image_position\":\"center-center\",\"position_sticky_breakpoint\":\"m\",\"width_medium\":\"1-1\"},\"children\":[{\"type\":\"headline\",\"props\":{\"content\":\"Votre choix\",\"title_element\":\"h1\",\"title_style\":\"heading-large\"}},{\"type\":\"text\",\"props\":{\"column_breakpoint\":\"m\",\"content\":\"\n\n<p>Notre h\\u00f4tel dispose de 33 chambres spacieuses et am\\u00e9nag\\u00e9es avec go\\u00fbt, de quatre tailles diff\\u00e9rentes. Con\\u00e7ues comme des oasis de calme personnelles, elles invitent au repos ou \\u00e0 la d\\u00e9tente confortable.<\\\/p>\",\"margin\":\"default\",\"maxwidth\":\"2xlarge\"}},{\"type\":\"grid\",\"props\":{\"content_column_breakpoint\":\"m\",\"css\":\".el-item:hover {\\n\\tbox-shadow: rgba(0, 0, 0, 0.2) 0px 60px 40px -7px;\\n    z-index:3;\\n}\",\"filter_align\":\"left\",\"filter_all\":true,\"filter_grid_breakpoint\":\"m\",\"filter_grid_width\":\"auto\",\"filter_position\":\"top\",\"filter_style\":\"tab\",\"grid_column_gap\":\"medium\",\"grid_default\":\"1\",\"grid_medium\":\"\",\"grid_row_gap\":\"medium\",\"grid_small\":\"2\",\"icon_width\":80,\"image_align\":\"top\",\"image_grid_breakpoint\":\"m\",\"image_grid_width\":\"1-2\",\"image_svg_color\":\"emphasis\",\"item_animation\":true,\"link_style\":\"default\",\"link_text\":\"\",\"margin\":\"large\",\"meta_align\":\"below-title\",\"meta_color\":\"primary\",\"meta_element\":\"div\",\"meta_margin\":\"small\",\"meta_style\":\"text-meta\",\"panel_image_no_padding\":true,\"panel_link\":true,\"panel_padding\":\"default\",\"panel_style\":\"card-default\",\"parallax_easing\":\"1\",\"show_content\":true,\"show_image\":true,\"show_link\":true,\"show_meta\":true,\"show_title\":true,\"title_align\":\"left\",\"title_element\":\"h2\",\"title_grid_breakpoint\":\"l\",\"title_grid_width\":\"1-3\",\"title_hover_style\":\"reset\",\"title_style\":\"h4\"},\"children\":[{\"type\":\"grid_item\",\"props\":{\"content\":\"\n\n<p>Les chambres calmes de 15m\\u00b2, \\u00e0 la d\\u00e9coration lumineuse, disposent d'une t\\u00e9l\\u00e9vision \\u00e0 \\u00e9cran plat et d'un n\\u00e9cessaire \\u00e0 caf\\u00e9 et \\u00e0 th\\u00e9 avec un grand choix de th\\u00e9s.<\\\/p>\",\"image\":\"wp-content\\\/uploads\\\/2023\\\/08\\\/einzelzimmer_zentral-zermatt.jpg\",\"item_element\":\"article\",\"link\":\"fr\\\/chambres\\\/chambre-individuelle\\\/\",\"meta\":\"\\u00e0 partir de 150 CHF par nuit\",\"title\":\"Chambre individuelle confortable\"}},{\"type\":\"grid_item\",\"props\":{\"content\":\"\n\n<p>Les chambres standard sont les plus populaires et offrent le prix le plus attractif. Ces chambres de 21m\\u00b2 disposent des m\\u00eames \\u00e9quipements que les autres cat\\u00e9gories.<\\\/p>\",\"image\":\"wp-content\\\/uploads\\\/2023\\\/08\\\/doppelzimmer-standard_zermatt.jpg\",\"item_element\":\"article\",\"link\":\"fr\\\/chambres\\\/chambre-double-standard\\\/\",\"meta\":\"\\u00e0 partir de 185 CHF par nuit\",\"title\":\"Chambre double standard\"}},{\"type\":\"grid_item\",\"props\":{\"content\":\"\n\n<p>Les chambres de 27m\\u00b2 disposent d'un coin salon et d'un bureau ainsi que de nombreuses commodit\\u00e9s : WiFi gratuit, t\\u00e9l\\u00e9vision \\u00e0 \\u00e9cran plat et service \\u00e0 caf\\u00e9 et \\u00e0 th\\u00e9 avec un grand choix de th\\u00e9s.<\\\/p>\",\"image\":\"wp-content\\\/uploads\\\/2023\\\/08\\\/superior_doppelzimmer-zermatt.jpg\",\"item_element\":\"article\",\"link\":\"fr\\\/chambres\\\/chambre-double-superieure\\\/\",\"meta\":\"\\u00e0 partir de 195 CHF par nuit\",\"title\":\"Chambre double sup\\u00e9rieure\"}},{\"type\":\"grid_item\",\"props\":{\"content\":\"\n\n<p>Les chambres de 45m\\u00b2 disposent d'un coin salon suppl\\u00e9mentaire avec un fauteuil et une table ainsi que d'un dressing s\\u00e9par\\u00e9 avec une grande armoire.<\\\/p>\\n\n\n<p>Des \\u00e9quipements tels qu'un balcon priv\\u00e9, une connexion WLAN gratuite, une t\\u00e9l\\u00e9vision \\u00e0 \\u00e9cran plat et une station d'accueil pour iPod cr\\u00e9ent une oasis de retraite confortable.<\\\/p>\",\"image\":\"wp-content\\\/uploads\\\/2023\\\/08\\\/doppelzimmer-deluxe_zermatt.jpg\",\"item_element\":\"article\",\"link\":\"fr\\\/chambres\\\/chambre-double-deluxe\\\/\",\"meta\":\"\\u00e0 partir de 205 CHF par nuit\",\"title\":\"Chambre double deluxe\"}}]}]}]}],\"name\":\"Zimmer\"},{\"type\":\"section\",\"props\":{\"animation\":\"slide-top\",\"animation_delay\":\"100\",\"image_position\":\"center-center\",\"padding\":\"large\",\"padding_remove_horizontal\":false,\"padding_remove_top\":false,\"style\":\"secondary\",\"title_breakpoint\":\"xl\",\"title_position\":\"top-left\",\"title_rotation\":\"left\",\"vertical_align\":\"\",\"width\":\"large\"},\"children\":[{\"type\":\"row\",\"children\":[{\"type\":\"column\",\"props\":{\"css\":\"@media screen and (min-width: 940px){\\n\\t.uk-panel.uk-width-1-1 {\\n\\t\\tmargin-left:5% !important;\\n\\t}\\n}\",\"image\":\"wp-content\\\/uploads\\\/2022\\\/09\\\/bottom_muster-01.svg\",\"image_position\":\"bottom-center\",\"padding\":\"xlarge\",\"position_sticky_breakpoint\":\"m\",\"vertical_align\":\"middle\"},\"children\":[{\"type\":\"headline\",\"props\":{\"block_align_breakpoint\":\"m\",\"block_align_fallback\":\"center\",\"content\":\"Testa Grigia se r\\u00e9jouit de votre demande.\",\"maxwidth\":\"xlarge\",\"text_align\":\"left\",\"text_align_breakpoint\":\"m\",\"text_align_fallback\":\"center\",\"title_element\":\"h2\",\"title_style\":\"h2\"}},{\"type\":\"text\",\"props\":{\"block_align_breakpoint\":\"m\",\"block_align_fallback\":\"center\",\"column_breakpoint\":\"m\",\"content\":\"\n\n<p>Des vacances inoubliables doivent \\u00eatre bien organis\\u00e9es. Notre \\u00e9quipe \\u00e0 la r\\u00e9ception se fera un plaisir de vous aider.<\\\/p>\",\"margin\":\"default\",\"maxwidth\":\"xlarge\",\"maxwidth_breakpoint\":\"m\",\"text_align\":\"left\",\"text_align_breakpoint\":\"m\",\"text_align_fallback\":\"center\"}},{\"type\":\"button\",\"props\":{\"animation\":\"slide-bottom-small\",\"grid_column_gap\":\"small\",\"grid_row_gap\":\"small\",\"margin\":\"medium\",\"maxwidth\":\"xlarge\",\"text_align\":\"left\",\"text_align_breakpoint\":\"m\",\"text_align_fallback\":\"center\"},\"children\":[{\"type\":\"button_item\",\"props\":{\"button_style\":\"danger\",\"content\":\"Contactez-nous\",\"icon_align\":\"left\",\"link\":\"fr\\\/contact\\\/\",\"link_title\":\"Kontakt\"}},{\"type\":\"button_item\",\"props\":{\"button_style\":\"default\",\"content\":\"ou consultez la FAQ \",\"icon_align\":\"left\",\"link\":\"fr\\\/reserver-une-chambre\\\/#faq\",\"link_title\":\"FAQ\"}}]}]}],\"props\":{\"column_gap\":\"collapse\",\"css\":\".el-row {\\n\\tborder:#fff solid 1px;\\n}\",\"padding_remove_horizontal\":false,\"row_gap\":\"collapse\",\"width\":\"xlarge\"}}],\"name\":\"Call to Action\"}],\"version\":\"4.4.10\"} --><\/p>\n","protected":false},"excerpt":{"rendered":"<p>Nos chambres Votre choix Notre h\u00f4tel dispose de 33 chambres spacieuses et am\u00e9nag\u00e9es avec go\u00fbt, de quatre tailles diff\u00e9rentes. Con\u00e7ues comme des oasis de calme personnelles, elles invitent au repos ou \u00e0 la d\u00e9tente confortable. Chambre individuelle confortable \u00e0 partir de 150 CHF par nuit Les chambres calmes de 15m\u00b2, \u00e0 la d\u00e9coration lumineuse, disposent [&hellip;]<\/p>\n","protected":false},"author":1,"featured_media":0,"parent":0,"menu_order":3,"comment_status":"closed","ping_status":"closed","template":"","meta":{"_acf_changed":false,"footnotes":""},"class_list":["post-5840","page","type-page","status-publish","hentry"],"acf":[],"_links":{"self":[{"href":"https:\/\/www.hotel-testa-grigia.ch\/fr\/wp-json\/wp\/v2\/pages\/5840","targetHints":{"allow":["GET"]}}],"collection":[{"href":"https:\/\/www.hotel-testa-grigia.ch\/fr\/wp-json\/wp\/v2\/pages"}],"about":[{"href":"https:\/\/www.hotel-testa-grigia.ch\/fr\/wp-json\/wp\/v2\/types\/page"}],"author":[{"embeddable":true,"href":"https:\/\/www.hotel-testa-grigia.ch\/fr\/wp-json\/wp\/v2\/users\/1"}],"replies":[{"embeddable":true,"href":"https:\/\/www.hotel-testa-grigia.ch\/fr\/wp-json\/wp\/v2\/comments?post=5840"}],"version-history":[{"count":6,"href":"https:\/\/www.hotel-testa-grigia.ch\/fr\/wp-json\/wp\/v2\/pages\/5840\/revisions"}],"predecessor-version":[{"id":5982,"href":"https:\/\/www.hotel-testa-grigia.ch\/fr\/wp-json\/wp\/v2\/pages\/5840\/revisions\/5982"}],"wp:attachment":[{"href":"https:\/\/www.hotel-testa-grigia.ch\/fr\/wp-json\/wp\/v2\/media?parent=5840"}],"curies":[{"name":"wp","href":"https:\/\/api.w.org\/{rel}","templated":true}]}}